{"id":261,"date":"2021-04-27T16:50:20","date_gmt":"2021-04-27T16:50:20","guid":{"rendered":"https:\/\/www.tarimzirveleri.com\/2021\/?page_id=261"},"modified":"2021-04-27T16:50:20","modified_gmt":"2021-04-27T16:50:20","slug":"sponsorluk-formu","status":"publish","type":"page","link":"https:\/\/www.tarimzirveleri.com\/2021\/sponsorluk-formu\/","title":{"rendered":"Sponsorluk Formu"},"content":{"rendered":"<div class=\"wpb-content-wrapper\"><p>[vc_row][vc_column width=&#8221;1\/6&#8243;][\/vc_column][vc_column width=&#8221;2\/3&#8243;]\n<div class=\"wpcf7 no-js\" id=\"wpcf7-f260-o1\" lang=\"tr-TR\" dir=\"ltr\">\n<div class=\"screen-reader-response\"><p role=\"status\" aria-live=\"polite\" aria-atomic=\"true\"><\/p> <ul><\/ul><\/div>\n<form action=\"\/2021\/wp-json\/wp\/v2\/pages\/261#wpcf7-f260-o1\" method=\"post\" class=\"wpcf7-form init\" aria-label=\"Contact form\" novalidate=\"novalidate\" data-status=\"init\">\n<div style=\"display: none;\">\n<input type=\"hidden\" name=\"_wpcf7\" value=\"260\" \/>\n<input type=\"hidden\" name=\"_wpcf7_version\" value=\"5.8.3\" \/>\n<input type=\"hidden\" name=\"_wpcf7_locale\" value=\"tr_TR\" \/>\n<input type=\"hidden\" name=\"_wpcf7_unit_tag\" value=\"wpcf7-f260-o1\" \/>\n<input type=\"hidden\" name=\"_wpcf7_container_post\" value=\"0\" \/>\n<input type=\"hidden\" name=\"_wpcf7_posted_data_hash\" value=\"\" \/>\n<input type=\"hidden\" name=\"_wpcf7_recaptcha_response\" value=\"\" \/>\n<\/div>\n<p><label><span class=\"wpcf7-form-control-wrap\" data-name=\"adsoyad\"><input size=\"40\" class=\"wpcf7-form-control wpcf7-text wpcf7-validates-as-required form-control input-md\" aria-required=\"true\" aria-invalid=\"false\" placeholder=\"Ad\u0131n\u0131z Soyad\u0131n\u0131z *\" value=\"\" type=\"text\" name=\"adsoyad\" \/><\/span><\/label>\n<\/p>\n<p><label><span class=\"wpcf7-form-control-wrap\" data-name=\"sirket\"><input size=\"40\" class=\"wpcf7-form-control wpcf7-text wpcf7-validates-as-required form-control input-md\" aria-required=\"true\" aria-invalid=\"false\" placeholder=\"Kurum \/ \u015eirket Ad\u0131n\u0131z *\" value=\"\" type=\"text\" name=\"sirket\" \/><\/span><\/label>\n<\/p>\n<p><label><span class=\"wpcf7-form-control-wrap\" data-name=\"unvan\"><input size=\"40\" class=\"wpcf7-form-control wpcf7-text wpcf7-validates-as-required form-control input-md\" aria-required=\"true\" aria-invalid=\"false\" placeholder=\"Unvan\u0131n\u0131z *\" value=\"\" type=\"text\" name=\"unvan\" \/><\/span><\/label>\n<\/p>\n<p><label><span class=\"wpcf7-form-control-wrap\" data-name=\"eposta\"><input size=\"40\" class=\"wpcf7-form-control wpcf7-email wpcf7-validates-as-required wpcf7-text wpcf7-validates-as-email form-control input-md\" aria-required=\"true\" aria-invalid=\"false\" placeholder=\"E-posta Adresiniz *\" value=\"\" type=\"email\" name=\"eposta\" \/><\/span><\/label>\n<\/p>\n<p><label><span class=\"wpcf7-form-control-wrap\" data-name=\"telefon\"><input size=\"40\" class=\"wpcf7-form-control wpcf7-text wpcf7-validates-as-required form-control input-md\" aria-required=\"true\" aria-invalid=\"false\" placeholder=\"Telefon Numaran\u0131z *\" value=\"\" type=\"text\" name=\"telefon\" \/><\/span><\/label>\n<\/p>\n<p><label><span class=\"wpcf7-form-control-wrap\" data-name=\"faks\"><input size=\"40\" class=\"wpcf7-form-control wpcf7-text form-control input-md\" aria-invalid=\"false\" placeholder=\"Faks Numaran\u0131z *\" value=\"\" type=\"text\" name=\"faks\" \/><\/span><\/label>\n<\/p>\n<p><label>Sponsorluk Tercihiniz * <span class=\"wpcf7-form-control-wrap\" data-name=\"sponsorluk\"><select class=\"wpcf7-form-control wpcf7-select wpcf7-validates-as-required\" aria-required=\"true\" aria-invalid=\"false\" name=\"sponsorluk\"><option value=\"\">&#8212;Please choose an option&#8212;<\/option><option value=\"Zirve Ana Sponsorlu\u011fu 1 Kontenjan\">Zirve Ana Sponsorlu\u011fu 1 Kontenjan<\/option><option value=\"Zirve Ana Sponsorlu\u011fu 5 Kontenjan\">Zirve Ana Sponsorlu\u011fu 5 Kontenjan<\/option><option value=\"Oturum Sponsorlu\u011fu\">Oturum Sponsorlu\u011fu<\/option><\/select><\/span><\/label><br \/>\n<label><span class=\"wpcf7-form-control-wrap\" data-name=\"mesaj\"><textarea cols=\"40\" rows=\"6\" class=\"wpcf7-form-control wpcf7-textarea form-control input-md\" aria-invalid=\"false\" placeholder=\"Eklemek \u0130stedikleriniz\" name=\"mesaj\"><\/textarea><\/span><\/label><br \/>\n<label style=\"padding-left:30px;\"><a href=\"\/kisisel-verilerin-korunmasi-hakkinda-aydinlatma-metni\/\" target=\"_blank\">Ki\u015fisel Verilerin Korunmas\u0131 Kanunu Ayd\u0131nlatma Metni i\u00e7in t\u0131klay\u0131n\u0131z.<\/a><\/label><br \/>\n<label><span class=\"wpcf7-form-control-wrap\" data-name=\"bulten-onay\"><span class=\"wpcf7-form-control wpcf7-checkbox wpcf7-validates-as-required\"><span class=\"wpcf7-list-item first last\"><label><input type=\"checkbox\" name=\"bulten-onay[]\" value=\"B\u00fclten ve duyurular\u0131 almak istiyorum.\" \/><span class=\"wpcf7-list-item-label\">B\u00fclten ve duyurular\u0131 almak istiyorum.<\/span><\/label><\/span><\/span><\/span><\/label><label><span class=\"wpcf7-form-control-wrap\" data-name=\"kvkk\"><span class=\"wpcf7-form-control wpcf7-checkbox wpcf7-validates-as-required\"><span class=\"wpcf7-list-item first last\"><label><input type=\"checkbox\" name=\"kvkk[]\" value=\"KVKK Ayd\u0131nlatma metni&#039;ni Okudum, Onayl\u0131yorum.\" \/><span class=\"wpcf7-list-item-label\">KVKK Ayd\u0131nlatma metni&#039;ni Okudum, Onayl\u0131yorum.<\/span><\/label><\/span><\/span><\/span><\/label>\n<\/p>\n<p><input class=\"wpcf7-form-control wpcf7-submit has-spinner submit-button\" type=\"submit\" value=\"G\u00d6NDER\" \/>\n<\/p><div class=\"wpcf7-response-output\" aria-hidden=\"true\"><\/div>\n<\/form>\n<\/div>\n[\/vc_column][vc_column width=&#8221;1\/6&#8243;][\/vc_column][\/vc_row]<\/p>\n<\/div>","protected":false},"excerpt":{"rendered":"<p>[vc_row][vc_column width=&#8221;1\/6&#8243;][\/vc_column][vc_column width=&#8221;2\/3&#8243;][\/vc_column][vc_column width=&#8221;1\/6&#8243;][\/vc_column][\/vc_row]<\/p>\n","protected":false},"author":1,"featured_media":0,"parent":0,"menu_order":0,"comment_status":"closed","ping_status":"closed","template":"","meta":{"footnotes":""},"class_list":["post-261","page","type-page","status-publish","hentry"],"_links":{"self":[{"href":"https:\/\/www.tarimzirveleri.com\/2021\/wp-json\/wp\/v2\/pages\/261","targetHints":{"allow":["GET"]}}],"collection":[{"href":"https:\/\/www.tarimzirveleri.com\/2021\/wp-json\/wp\/v2\/pages"}],"about":[{"href":"https:\/\/www.tarimzirveleri.com\/2021\/wp-json\/wp\/v2\/types\/page"}],"author":[{"embeddable":true,"href":"https:\/\/www.tarimzirveleri.com\/2021\/wp-json\/wp\/v2\/users\/1"}],"replies":[{"embeddable":true,"href":"https:\/\/www.tarimzirveleri.com\/2021\/wp-json\/wp\/v2\/comments?post=261"}],"version-history":[{"count":1,"href":"https:\/\/www.tarimzirveleri.com\/2021\/wp-json\/wp\/v2\/pages\/261\/revisions"}],"predecessor-version":[{"id":262,"href":"https:\/\/www.tarimzirveleri.com\/2021\/wp-json\/wp\/v2\/pages\/261\/revisions\/262"}],"wp:attachment":[{"href":"https:\/\/www.tarimzirveleri.com\/2021\/wp-json\/wp\/v2\/media?parent=261"}],"curies":[{"name":"wp","href":"https:\/\/api.w.org\/{rel}","templated":true}]}}