{"id":326,"date":"2021-05-03T11:09:07","date_gmt":"2021-05-03T11:09:07","guid":{"rendered":"https:\/\/www.tarimzirveleri.com\/2021\/?page_id=326"},"modified":"2024-02-09T13:43:54","modified_gmt":"2024-02-09T13:43:54","slug":"zirve-kayit-formu","status":"publish","type":"page","link":"https:\/\/www.tarimzirveleri.com\/2021\/zirve-kayit-formu\/","title":{"rendered":"Zirve Kay\u0131t Formu"},"content":{"rendered":"<div class=\"wpb-content-wrapper\"><p>[vc_row][vc_column width=&#8221;1\/6&#8243;][\/vc_column][vc_column width=&#8221;2\/3&#8243; offset=&#8221;vc_hidden-lg vc_hidden-md vc_hidden-sm vc_hidden-xs&#8221;]\n<div class=\"wpcf7 no-js\" id=\"wpcf7-f294-o1\" lang=\"tr-TR\" dir=\"ltr\">\n<div class=\"screen-reader-response\"><p role=\"status\" aria-live=\"polite\" aria-atomic=\"true\"><\/p> <ul><\/ul><\/div>\n<form action=\"\/2021\/wp-json\/wp\/v2\/pages\/326#wpcf7-f294-o1\" method=\"post\" class=\"wpcf7-form init\" aria-label=\"Contact form\" novalidate=\"novalidate\" data-status=\"init\">\n<div style=\"display: none;\">\n<input type=\"hidden\" name=\"_wpcf7\" value=\"294\" \/>\n<input type=\"hidden\" name=\"_wpcf7_version\" value=\"5.8.3\" \/>\n<input type=\"hidden\" name=\"_wpcf7_locale\" value=\"tr_TR\" \/>\n<input type=\"hidden\" name=\"_wpcf7_unit_tag\" value=\"wpcf7-f294-o1\" \/>\n<input type=\"hidden\" name=\"_wpcf7_container_post\" value=\"0\" \/>\n<input type=\"hidden\" name=\"_wpcf7_posted_data_hash\" value=\"\" \/>\n<input type=\"hidden\" name=\"_wpcf7_recaptcha_response\" value=\"\" \/>\n<\/div>\n<p><label><span class=\"wpcf7-form-control-wrap\" data-name=\"adsoyad\"><input size=\"40\" class=\"wpcf7-form-control wpcf7-text wpcf7-validates-as-required form-control input-md\" aria-required=\"true\" aria-invalid=\"false\" placeholder=\"Ad\u0131n\u0131z Soyad\u0131n\u0131z *\" value=\"\" type=\"text\" name=\"adsoyad\" \/><\/span><\/label>\n<\/p>\n<p><label><span class=\"wpcf7-form-control-wrap\" data-name=\"sirket\"><input size=\"40\" class=\"wpcf7-form-control wpcf7-text wpcf7-validates-as-required form-control input-md\" aria-required=\"true\" aria-invalid=\"false\" placeholder=\"Kurum \/ \u015eirket Ad\u0131n\u0131z *\" value=\"\" type=\"text\" name=\"sirket\" \/><\/span><\/label>\n<\/p>\n<p><label><span class=\"wpcf7-form-control-wrap\" data-name=\"eposta\"><input size=\"40\" class=\"wpcf7-form-control wpcf7-email wpcf7-validates-as-required wpcf7-text wpcf7-validates-as-email form-control input-md\" aria-required=\"true\" aria-invalid=\"false\" placeholder=\"E-posta Adresiniz *\" value=\"\" type=\"email\" name=\"eposta\" \/><\/span><\/label>\n<\/p>\n<p><label><span class=\"wpcf7-form-control-wrap\" data-name=\"telefon\"><input size=\"40\" class=\"wpcf7-form-control wpcf7-text wpcf7-validates-as-required form-control input-md\" aria-required=\"true\" aria-invalid=\"false\" placeholder=\"Telefon Numaran\u0131z *\" value=\"\" type=\"text\" name=\"telefon\" \/><\/span><\/label><br \/>\n<label><b>KATILMAK \u0130STED\u0130\u011e\u0130N\u0130Z OTURUMLARI SE\u00c7\u0130N\u0130Z:<\/b><\/label>*Birden fazla se\u00e7im yapabilirsiniz.\n<\/p>\n<p><label><b>25.05.2021<\/b><\/label><br \/>\n<label><span class=\"wpcf7-form-control-wrap\" data-name=\"YirmiBesMayis\"><span class=\"wpcf7-form-control wpcf7-checkbox\"><span class=\"wpcf7-list-item first\"><label><input type=\"checkbox\" name=\"YirmiBesMayis[]\" value=\"1. Oturum : 10.00 A\u00e7\u0131l\u0131\u015f - Tar\u0131m ve Gelecek: F\u0131rsatlar ve Tehditler\" \/><span class=\"wpcf7-list-item-label\">1. Oturum : 10.00 A\u00e7\u0131l\u0131\u015f - Tar\u0131m ve Gelecek: F\u0131rsatlar ve Tehditler<\/span><\/label><\/span><span class=\"wpcf7-list-item\"><label><input type=\"checkbox\" name=\"YirmiBesMayis[]\" value=\"2. Oturum : 11.20 Tar\u0131m ve Yeni Ekonomiler\" \/><span class=\"wpcf7-list-item-label\">2. Oturum : 11.20 Tar\u0131m ve Yeni Ekonomiler<\/span><\/label><\/span><span class=\"wpcf7-list-item\"><label><input type=\"checkbox\" name=\"YirmiBesMayis[]\" value=\"3. Oturum : 13.00 Diren\u00e7li Tar\u0131m, Diren\u00e7li Kentler\" \/><span class=\"wpcf7-list-item-label\">3. Oturum : 13.00 Diren\u00e7li Tar\u0131m, Diren\u00e7li Kentler<\/span><\/label><\/span><span class=\"wpcf7-list-item\"><label><input type=\"checkbox\" name=\"YirmiBesMayis[]\" value=\"4. Oturum : 14.40 Fark Yaratanlar: S\u00fcrd\u00fcr\u00fclebilir Teknolojik Tar\u0131ma \u00d6rnekler\" \/><span class=\"wpcf7-list-item-label\">4. Oturum : 14.40 Fark Yaratanlar: S\u00fcrd\u00fcr\u00fclebilir Teknolojik Tar\u0131ma \u00d6rnekler<\/span><\/label><\/span><span class=\"wpcf7-list-item last\"><label><input type=\"checkbox\" name=\"YirmiBesMayis[]\" value=\"5. Oturum : 16.30 Tar\u0131m ve G\u0131da Arz Zincirinde De\u011fi\u015fen Dinamikler ve E-ticaret\" \/><span class=\"wpcf7-list-item-label\">5. Oturum : 16.30 Tar\u0131m ve G\u0131da Arz Zincirinde De\u011fi\u015fen Dinamikler ve E-ticaret<\/span><\/label><\/span><\/span><\/span><\/label><br \/>\n<label><b>26.05.2021<\/b><\/label><br \/>\n<label><span class=\"wpcf7-form-control-wrap\" data-name=\"YirmiAltiMayis\"><span class=\"wpcf7-form-control wpcf7-checkbox\"><span class=\"wpcf7-list-item first\"><label><input type=\"checkbox\" name=\"YirmiAltiMayis[]\" value=\"6. Oturum: 12.00 Tar\u0131mda \u0130\u015fbirli\u011fi Modelleri: Tar\u0131m Bakanl\u0131\u011f\u0131, Yerel Y\u00f6netimler, \u00d6zel Sekt\u00f6r, STKlar ve \u00dcniversiteler\" \/><span class=\"wpcf7-list-item-label\">6. Oturum: 12.00 Tar\u0131mda \u0130\u015fbirli\u011fi Modelleri: Tar\u0131m Bakanl\u0131\u011f\u0131, Yerel Y\u00f6netimler, \u00d6zel Sekt\u00f6r, STKlar ve \u00dcniversiteler<\/span><\/label><\/span><span class=\"wpcf7-list-item\"><label><input type=\"checkbox\" name=\"YirmiAltiMayis[]\" value=\"7. Oturum : 14.00 Tar\u0131mda Dijital D\u00f6n\u00fc\u015f\u00fcm\" \/><span class=\"wpcf7-list-item-label\">7. Oturum : 14.00 Tar\u0131mda Dijital D\u00f6n\u00fc\u015f\u00fcm<\/span><\/label><\/span><span class=\"wpcf7-list-item\"><label><input type=\"checkbox\" name=\"YirmiAltiMayis[]\" value=\"8. Oturum : 16.00 Giri\u015fimcilik, Tar\u0131m Filizleri Yat\u0131r\u0131m A\u011f\u0131 ve H\u0131zland\u0131r\u0131c\u0131 Programlar\u0131\" \/><span class=\"wpcf7-list-item-label\">8. Oturum : 16.00 Giri\u015fimcilik, Tar\u0131m Filizleri Yat\u0131r\u0131m A\u011f\u0131 ve H\u0131zland\u0131r\u0131c\u0131 Programlar\u0131<\/span><\/label><\/span><span class=\"wpcf7-list-item last\"><label><input type=\"checkbox\" name=\"YirmiAltiMayis[]\" value=\"9. Oturum : 17.40 Zirve sonu\u00e7 ve yol haritas\u0131 bildirgesinin payla\u015f\u0131m\u0131\" \/><span class=\"wpcf7-list-item-label\">9. Oturum : 17.40 Zirve sonu\u00e7 ve yol haritas\u0131 bildirgesinin payla\u015f\u0131m\u0131<\/span><\/label><\/span><\/span><\/span><\/label>\n<\/p>\n<p><label>Kat\u0131l\u0131m Belgesi \u0130ster Misin?<br \/>\n<span class=\"wpcf7-form-control-wrap\" data-name=\"belge\"><span class=\"wpcf7-form-control wpcf7-radio\"><span class=\"wpcf7-list-item first\"><label><input type=\"radio\" name=\"belge\" value=\"Evet\" checked=\"checked\" \/><span class=\"wpcf7-list-item-label\">Evet<\/span><\/label><\/span><span class=\"wpcf7-list-item last\"><label><input type=\"radio\" name=\"belge\" value=\"Hay\u0131r\" \/><span class=\"wpcf7-list-item-label\">Hay\u0131r<\/span><\/label><\/span><\/span><\/span><\/label><br \/>\n<label><span class=\"wpcf7-form-control-wrap\" data-name=\"mesaj\"><textarea cols=\"40\" rows=\"2\" class=\"wpcf7-form-control wpcf7-textarea form-control input-md\" aria-invalid=\"false\" placeholder=\"Eklemek \u0130stedikleriniz\" name=\"mesaj\"><\/textarea><\/span><\/label>\n<\/p>\n<p><label style=\"padding-left:30px;\"><a href=\"\/kisisel-verilerin-korunmasi-hakkinda-aydinlatma-metni\/\" target=\"_blank\">Ki\u015fisel Verilerin Korunmas\u0131 Kanunu Ayd\u0131nlatma Metni i\u00e7in t\u0131klay\u0131n\u0131z.<\/a><\/label><label style=\"padding-left:30px;\"><a href=\"https:\/\/groups.google.com\/g\/tarimzirveleri\" target=\"_blank\">E-B\u00fclten Grubuna Kay\u0131t Olmak i\u00e7in t\u0131klay\u0131n\u0131z.<\/a><\/label>\n<\/p>\n<p><label><span class=\"wpcf7-form-control-wrap\" data-name=\"kvkk\"><span class=\"wpcf7-form-control wpcf7-checkbox wpcf7-validates-as-required\"><span class=\"wpcf7-list-item first last\"><label><input type=\"checkbox\" name=\"kvkk[]\" value=\"KVKK Ayd\u0131nlatma metni&#039;ni Okudum, Onayl\u0131yorum.\" \/><span class=\"wpcf7-list-item-label\">KVKK Ayd\u0131nlatma metni&#039;ni Okudum, Onayl\u0131yorum.<\/span><\/label><\/span><\/span><\/span><\/label>\n<\/p>\n<p><input class=\"wpcf7-form-control wpcf7-submit has-spinner submit-button\" type=\"submit\" value=\"G\u00d6NDER\" \/>\n<\/p><div class=\"wpcf7-response-output\" aria-hidden=\"true\"><\/div>\n<\/form>\n<\/div>\n[\/vc_column][vc_column width=&#8221;1\/6&#8243;][\/vc_column][\/vc_row]<\/p>\n<\/div>","protected":false},"excerpt":{"rendered":"<p>[vc_row][vc_column width=&#8221;1\/6&#8243;][\/vc_column][vc_column width=&#8221;2\/3&#8243; offset=&#8221;vc_hidden-lg vc_hidden-md vc_hidden-sm vc_hidden-xs&#8221;][\/vc_column][vc_column width=&#8221;1\/6&#8243;][\/vc_column][\/vc_row]<\/p>\n","protected":false},"author":1,"featured_media":0,"parent":0,"menu_order":0,"comment_status":"closed","ping_status":"closed","template":"","meta":{"footnotes":""},"class_list":["post-326","page","type-page","status-publish","hentry"],"_links":{"self":[{"href":"https:\/\/www.tarimzirveleri.com\/2021\/wp-json\/wp\/v2\/pages\/326","targetHints":{"allow":["GET"]}}],"collection":[{"href":"https:\/\/www.tarimzirveleri.com\/2021\/wp-json\/wp\/v2\/pages"}],"about":[{"href":"https:\/\/www.tarimzirveleri.com\/2021\/wp-json\/wp\/v2\/types\/page"}],"author":[{"embeddable":true,"href":"https:\/\/www.tarimzirveleri.com\/2021\/wp-json\/wp\/v2\/users\/1"}],"replies":[{"embeddable":true,"href":"https:\/\/www.tarimzirveleri.com\/2021\/wp-json\/wp\/v2\/comments?post=326"}],"version-history":[{"count":2,"href":"https:\/\/www.tarimzirveleri.com\/2021\/wp-json\/wp\/v2\/pages\/326\/revisions"}],"predecessor-version":[{"id":510,"href":"https:\/\/www.tarimzirveleri.com\/2021\/wp-json\/wp\/v2\/pages\/326\/revisions\/510"}],"wp:attachment":[{"href":"https:\/\/www.tarimzirveleri.com\/2021\/wp-json\/wp\/v2\/media?parent=326"}],"curies":[{"name":"wp","href":"https:\/\/api.w.org\/{rel}","templated":true}]}}