{"id":1312,"date":"2025-12-23T10:12:42","date_gmt":"2025-12-23T10:12:42","guid":{"rendered":"https:\/\/www.tarimzirveleri.com\/2025\/?page_id=1312"},"modified":"2025-12-23T10:16:56","modified_gmt":"2025-12-23T10:16:56","slug":"blog","status":"publish","type":"page","link":"https:\/\/www.tarimzirveleri.com\/2025\/blog\/","title":{"rendered":"Blog"},"content":{"rendered":"<div class=\"wpb-content-wrapper\"><p>[vc_row][vc_column]<div class=\"column_filters\"><div class=\"blog_wrapper isotope_wrapper clearfix\"><div class=\"posts_group lm_wrapper col-3 grid margin hide-more\"><div class=\"post-item isotope-item clearfix post-1308 post type-post status-publish format-standard has-post-thumbnail hentry category-blog\" style=\"\"><div class=\"date_label\">Aral\u0131k 23, 2025<\/div><div class=\"image_frame post-photo-wrapper scale-with-grid image\"><div class=\"image_wrapper\"><a href=\"https:\/\/www.tarimzirveleri.com\/2025\/hal-hakem-heyetlerine-basvuruda-degisiklik-resmi-gazetede-yayimlandi\/\"><div class=\"mask\"><\/div><img loading=\"lazy\" decoding=\"async\" width=\"960\" height=\"750\" src=\"https:\/\/www.tarimzirveleri.com\/2025\/wp-content\/uploads\/2025\/12\/hal-hakem-heyetlerine-basvuruda-degisiklik-resmi-gazetede-yayimlandi-1-960x750.jpg\" class=\"scale-with-grid wp-post-image\" alt=\"\" srcset=\"https:\/\/www.tarimzirveleri.com\/2025\/wp-content\/uploads\/2025\/12\/hal-hakem-heyetlerine-basvuruda-degisiklik-resmi-gazetede-yayimlandi-1-960x750.jpg 960w, https:\/\/www.tarimzirveleri.com\/2025\/wp-content\/uploads\/2025\/12\/hal-hakem-heyetlerine-basvuruda-degisiklik-resmi-gazetede-yayimlandi-1-50x38.jpg 50w\" sizes=\"auto, (max-width: 960px) 100vw, 960px\" \/><\/a><div class=\"image_links double\"><a href=\"https:\/\/www.tarimzirveleri.com\/2025\/wp-content\/uploads\/2025\/12\/hal-hakem-heyetlerine-basvuruda-degisiklik-resmi-gazetede-yayimlandi-1-1024x771.jpg\" class=\"zoom\" rel=\"prettyphoto\"><i class=\"icon-search\"><\/i><\/a><a href=\"https:\/\/www.tarimzirveleri.com\/2025\/hal-hakem-heyetlerine-basvuruda-degisiklik-resmi-gazetede-yayimlandi\/\" class=\"link\"><i class=\"icon-link\"><\/i><\/a><\/div><\/div><\/div><div class=\"post-desc-wrapper bg-\" style=\"\"><div class=\"post-desc\"><div class=\"post-head\"><\/div><div class=\"post-title\"><h2 class=\"entry-title\" itemprop=\"headline\"><a href=\"https:\/\/www.tarimzirveleri.com\/2025\/hal-hakem-heyetlerine-basvuruda-degisiklik-resmi-gazetede-yayimlandi\/\">Hal Hakem Heyetlerine Ba\u015fvuruda De\u011fi\u015fiklik Resmi Gazetede Yay\u0131mland\u0131.<\/a><\/h2><\/div><div class=\"post-excerpt\">19 Aral\u0131k Per\u015fembe g\u00fcn\u00fc yay\u0131nlanan Resmi Gazetede, \u201c5957 Say\u0131l\u0131 Sebze ve Meyveler \u0130le Yeterli Arz ve Talep Derinli\u011fi Bulunan Di\u011fer Mallar\u0131n Ticaretinin D\u00fczenlenmesi Hakk\u0131nda Kanunun 10.Maddesinde<span class=\"excerpt-hellip\"> [\u2026]<\/span><\/div><div class=\"post-footer\"><div class=\"button-love\"><span class=\"love-text\">Do you like it?<\/span><\/div><div class=\"post-links\"><i class=\"icon-doc-text\"><\/i> <a href=\"https:\/\/www.tarimzirveleri.com\/2025\/hal-hakem-heyetlerine-basvuruda-degisiklik-resmi-gazetede-yayimlandi\/\" class=\"post-more\">Read more<\/a><\/div><\/div><\/div><\/div><\/div><\/div><\/div>\n<\/div>\n[\/vc_column][\/vc_row]<\/p>\n<\/div>","protected":false},"excerpt":{"rendered":"<p>[vc_row][vc_column][\/vc_column][\/vc_row]<\/p>\n","protected":false},"author":1,"featured_media":0,"parent":0,"menu_order":0,"comment_status":"closed","ping_status":"closed","template":"","meta":{"footnotes":""},"class_list":["post-1312","page","type-page","status-publish","hentry"],"_links":{"self":[{"href":"https:\/\/www.tarimzirveleri.com\/2025\/wp-json\/wp\/v2\/pages\/1312","targetHints":{"allow":["GET"]}}],"collection":[{"href":"https:\/\/www.tarimzirveleri.com\/2025\/wp-json\/wp\/v2\/pages"}],"about":[{"href":"https:\/\/www.tarimzirveleri.com\/2025\/wp-json\/wp\/v2\/types\/page"}],"author":[{"embeddable":true,"href":"https:\/\/www.tarimzirveleri.com\/2025\/wp-json\/wp\/v2\/users\/1"}],"replies":[{"embeddable":true,"href":"https:\/\/www.tarimzirveleri.com\/2025\/wp-json\/wp\/v2\/comments?post=1312"}],"version-history":[{"count":7,"href":"https:\/\/www.tarimzirveleri.com\/2025\/wp-json\/wp\/v2\/pages\/1312\/revisions"}],"predecessor-version":[{"id":1323,"href":"https:\/\/www.tarimzirveleri.com\/2025\/wp-json\/wp\/v2\/pages\/1312\/revisions\/1323"}],"wp:attachment":[{"href":"https:\/\/www.tarimzirveleri.com\/2025\/wp-json\/wp\/v2\/media?parent=1312"}],"curies":[{"name":"wp","href":"https:\/\/api.w.org\/{rel}","templated":true}]}}