{"id":984,"date":"2025-01-29T12:35:58","date_gmt":"2025-01-29T12:35:58","guid":{"rendered":"https:\/\/www.tarimzirveleri.com\/2025\/?page_id=984"},"modified":"2025-02-20T07:14:57","modified_gmt":"2025-02-20T07:14:57","slug":"atolye-egitim-basvuru-formu","status":"publish","type":"page","link":"https:\/\/www.tarimzirveleri.com\/2025\/atolye-egitim-basvuru-formu\/","title":{"rendered":"At\u00f6lye E\u011fitim Ba\u015fvuru Formu"},"content":{"rendered":"<div class=\"wpb-content-wrapper\"><p>[vc_row][vc_column][vc_empty_space height=&#8221;80px&#8221;][vc_column_text]<\/p>\n<h3 style=\"text-align: center;\">Kontenjan\u0131m\u0131z dolmu\u015ftur, te\u015fekk\u00fcr ederiz.<\/h3>\n<p>[\/vc_column_text][vc_empty_space height=&#8221;400px&#8221;][\/vc_column][\/vc_row]<\/p>\n<\/div>","protected":false},"excerpt":{"rendered":"<p>[vc_row][vc_column][vc_empty_space height=&#8221;80px&#8221;][vc_column_text] Kontenjan\u0131m\u0131z dolmu\u015ftur, te\u015fekk\u00fcr ederiz. [\/vc_column_text][vc_empty_space height=&#8221;400px&#8221;][\/vc_column][\/vc_row]<\/p>\n","protected":false},"author":1,"featured_media":0,"parent":0,"menu_order":0,"comment_status":"closed","ping_status":"closed","template":"","meta":{"footnotes":""},"class_list":["post-984","page","type-page","status-publish","hentry"],"_links":{"self":[{"href":"https:\/\/www.tarimzirveleri.com\/2025\/wp-json\/wp\/v2\/pages\/984","targetHints":{"allow":["GET"]}}],"collection":[{"href":"https:\/\/www.tarimzirveleri.com\/2025\/wp-json\/wp\/v2\/pages"}],"about":[{"href":"https:\/\/www.tarimzirveleri.com\/2025\/wp-json\/wp\/v2\/types\/page"}],"author":[{"embeddable":true,"href":"https:\/\/www.tarimzirveleri.com\/2025\/wp-json\/wp\/v2\/users\/1"}],"replies":[{"embeddable":true,"href":"https:\/\/www.tarimzirveleri.com\/2025\/wp-json\/wp\/v2\/comments?post=984"}],"version-history":[{"count":15,"href":"https:\/\/www.tarimzirveleri.com\/2025\/wp-json\/wp\/v2\/pages\/984\/revisions"}],"predecessor-version":[{"id":1300,"href":"https:\/\/www.tarimzirveleri.com\/2025\/wp-json\/wp\/v2\/pages\/984\/revisions\/1300"}],"wp:attachment":[{"href":"https:\/\/www.tarimzirveleri.com\/2025\/wp-json\/wp\/v2\/media?parent=984"}],"curies":[{"name":"wp","href":"https:\/\/api.w.org\/{rel}","templated":true}]}}