{"id":987,"date":"2025-01-29T12:43:13","date_gmt":"2025-01-29T12:43:13","guid":{"rendered":"https:\/\/www.tarimzirveleri.com\/2025\/?page_id=987"},"modified":"2025-02-16T09:44:30","modified_gmt":"2025-02-16T09:44:30","slug":"3-tarim-yatirim-ve-etki-zirvesi-kayit-formu","status":"publish","type":"page","link":"https:\/\/www.tarimzirveleri.com\/2025\/3-tarim-yatirim-ve-etki-zirvesi-kayit-formu\/","title":{"rendered":"3. Tar\u0131m Yat\u0131r\u0131m ve Etki Zirvesi Kay\u0131t Formu"},"content":{"rendered":"<div class=\"wpb-content-wrapper\"><p>[vc_row][vc_column][vc_column_text]De\u011ferli kat\u0131l\u0131mc\u0131lar\u0131m\u0131z,<\/p>\n<p><strong>20-21 \u015eubat 2025<\/strong>\u00a0tarihlerinde \u0130zmir\u2019de \u0130zQ \u0130novasyon merkezinde d\u00fczenleyece\u011fimiz\u00a0<strong>3. Tar\u0131m\u25cfYat\u0131r\u0131m<\/strong><strong>\u25a0<\/strong><strong>Etki<\/strong><strong>\u25b2<\/strong><strong>Zirvesi<\/strong>, kat\u0131l\u0131mc\u0131lara bilgi edinme, deneyim payla\u015fma, projelere ve yeniliklere, sekt\u00f6re uygulanan ve ara\u015ft\u0131rmaya al\u0131nan yeni teknolojilere dair son geli\u015fmeleri disiplinler aras\u0131 bir atmosferde tart\u0131\u015fma f\u0131rsat\u0131 sunacakt\u0131r.<\/p>\n<p>Zirve, 20-21 \u015eubat tarihlerinde 1,5 g\u00fcn s\u00fcrecek oturumlarla ger\u00e7ekle\u015fecektir. <strong>21 \u015eubat \u00f6\u011fleden sonra ger\u00e7ekle\u015fecek at\u00f6lye e\u011fitim i\u00e7in ayr\u0131ca kaydolmak gereklidir.<\/strong><\/p>\n<p>&nbsp;<\/p>\n<p><strong>\u00a0Zirve\u2019ye kay\u0131t \u00fccretsizdir.<\/strong><\/p>\n<p>Kay\u0131t yapt\u0131ktan sonra kat\u0131lamama durumunuz geli\u015firse l\u00fctfen taraf\u0131m\u0131za <a href=\"mailto:zirve@tarim40.org.tr\">zirve@tarim40.org.tr<\/a> adresine eposta ile veya 05305450932 nolu whatsapp hatt\u0131m\u0131za bilgi veriniz.<\/p>\n<p>&nbsp;<\/p>\n<p>Derne\u011fimize destek olmak i\u00e7in ba\u011f\u0131\u015fta bulunabilirsiniz.<\/p>\n<p><strong>BANKA B\u0130LG\u0130LER\u0130M\u0130Z<\/strong><\/p>\n<p>Tar\u0131m 4.0 Teknoloji ve Etki Derne\u011fi<\/p>\n<p>Denizbank \u2013Menemen \u015eube Hesap No: 2740-16533556-351<br \/>\nTR67 0013 4000 0165 3355 6000 01[\/vc_column_text]\n<div class=\"wpcf7 no-js\" id=\"wpcf7-f983-o1\" lang=\"tr-TR\" dir=\"ltr\" data-wpcf7-id=\"983\">\n<div class=\"screen-reader-response\"><p role=\"status\" aria-live=\"polite\" aria-atomic=\"true\"><\/p> <ul><\/ul><\/div>\n<form action=\"\/2025\/wp-json\/wp\/v2\/pages\/987#wpcf7-f983-o1\" method=\"post\" class=\"wpcf7-form init\" aria-label=\"\u0130leti\u015fim Formu\" enctype=\"multipart\/form-data\" novalidate=\"novalidate\" data-status=\"init\">\n<fieldset class=\"hidden-fields-container\"><input type=\"hidden\" name=\"_wpcf7\" value=\"983\" \/><input type=\"hidden\" name=\"_wpcf7_version\" value=\"6.1.4\" \/><input type=\"hidden\" name=\"_wpcf7_locale\" value=\"tr_TR\" \/><input type=\"hidden\" name=\"_wpcf7_unit_tag\" value=\"wpcf7-f983-o1\" \/><input type=\"hidden\" name=\"_wpcf7_container_post\" value=\"0\" \/><input type=\"hidden\" name=\"_wpcf7_posted_data_hash\" value=\"\" \/><input type=\"hidden\" name=\"_wpcf7cf_hidden_group_fields\" value=\"[]\" \/><input type=\"hidden\" name=\"_wpcf7cf_hidden_groups\" value=\"[]\" \/><input type=\"hidden\" name=\"_wpcf7cf_visible_groups\" value=\"[]\" \/><input type=\"hidden\" name=\"_wpcf7cf_repeaters\" value=\"[]\" \/><input type=\"hidden\" name=\"_wpcf7cf_steps\" value=\"{}\" \/><input type=\"hidden\" name=\"_wpcf7cf_options\" value=\"{&quot;form_id&quot;:983,&quot;conditions&quot;:[{&quot;then_field&quot;:&quot;ogrenci-bilgisi&quot;,&quot;and_rules&quot;:[{&quot;if_field&quot;:&quot;grup&quot;,&quot;operator&quot;:&quot;equals&quot;,&quot;if_value&quot;:&quot;\\u00d6\\u011frenci&quot;}]}],&quot;settings&quot;:{&quot;animation&quot;:&quot;yes&quot;,&quot;animation_intime&quot;:200,&quot;animation_outtime&quot;:200,&quot;conditions_ui&quot;:&quot;normal&quot;,&quot;notice_dismissed&quot;:false}}\" \/><input type=\"hidden\" name=\"_wpcf7_recaptcha_response\" value=\"\" \/>\n<\/fieldset>\n<p><label><span class=\"wpcf7-form-control-wrap\" data-name=\"adsoyad\"><input size=\"40\" maxlength=\"400\" class=\"wpcf7-form-control wpcf7-text wpcf7-validates-as-required form-control input-md\" aria-required=\"true\" aria-invalid=\"false\" placeholder=\"Ad\u0131n\u0131z Soyad\u0131n\u0131z *\" value=\"\" type=\"text\" name=\"adsoyad\" \/><\/span><\/label>\n<\/p>\n<p><label><span class=\"wpcf7-form-control-wrap\" data-name=\"tc\"><input size=\"40\" maxlength=\"400\" class=\"wpcf7-form-control wpcf7-text form-control input-md\" aria-invalid=\"false\" placeholder=\"T.C. kimlik numaran\u0131z veya Vergi No\" value=\"\" type=\"text\" name=\"tc\" \/><\/span><\/label>\n<\/p>\n<p><label><span class=\"wpcf7-form-control-wrap\" data-name=\"fatura\"><textarea cols=\"40\" rows=\"2\" maxlength=\"2000\" class=\"wpcf7-form-control wpcf7-textarea form-control input-md\" aria-invalid=\"false\" placeholder=\"Firma Unvan\u0131 ve Adresi (Varsa)\" name=\"fatura\"><\/textarea><\/span><\/label>\n<\/p>\n<p><label><span class=\"wpcf7-form-control-wrap\" data-name=\"hangi-kurum\"><input size=\"40\" maxlength=\"400\" class=\"wpcf7-form-control wpcf7-text wpcf7-validates-as-required form-control input-md\" aria-required=\"true\" aria-invalid=\"false\" placeholder=\"Kurumunuz? *\" value=\"\" type=\"text\" name=\"hangi-kurum\" \/><\/span><\/label>\n<\/p>\n<p><label><span class=\"wpcf7-form-control-wrap\" data-name=\"eposta\"><input size=\"40\" maxlength=\"400\" class=\"wpcf7-form-control wpcf7-email wpcf7-validates-as-required wpcf7-text wpcf7-validates-as-email form-control input-md\" aria-required=\"true\" aria-invalid=\"false\" placeholder=\"E-posta Adresiniz *\" value=\"\" type=\"email\" name=\"eposta\" \/><\/span><\/label>\n<\/p>\n<p><label><span class=\"wpcf7-form-control-wrap\" data-name=\"telefon\"><input size=\"40\" maxlength=\"400\" class=\"wpcf7-form-control wpcf7-text wpcf7-validates-as-required form-control input-md\" aria-required=\"true\" aria-invalid=\"false\" placeholder=\"Telefon Numaran\u0131z *\" value=\"\" type=\"text\" name=\"telefon\" \/><\/span><\/label>\n<\/p>\n<p><label><span class=\"wpcf7-form-control-wrap\" data-name=\"meslek\"><input size=\"40\" maxlength=\"400\" class=\"wpcf7-form-control wpcf7-text wpcf7-validates-as-required form-control input-md\" aria-required=\"true\" aria-invalid=\"false\" placeholder=\"Meslek *\" value=\"\" type=\"text\" name=\"meslek\" \/><\/span><\/label>\n<\/p>\n<p><label>A\u015fa\u011f\u0131daki gruplardan hangisini temsil ediyorsunuz?<\/label><br \/>\n<span class=\"wpcf7-form-control-wrap\" data-name=\"grup\"><span class=\"wpcf7-form-control wpcf7-radio\"><span class=\"wpcf7-list-item first\"><label><input type=\"radio\" name=\"grup\" value=\"Akademisyen\" checked=\"checked\" \/><span class=\"wpcf7-list-item-label\">Akademisyen<\/span><\/label><\/span><span class=\"wpcf7-list-item\"><label><input type=\"radio\" name=\"grup\" value=\"\u00c7ift\u00e7i\" \/><span class=\"wpcf7-list-item-label\">\u00c7ift\u00e7i<\/span><\/label><\/span><span class=\"wpcf7-list-item\"><label><input type=\"radio\" name=\"grup\" value=\"\u00d6\u011frenci\" \/><span class=\"wpcf7-list-item-label\">\u00d6\u011frenci<\/span><\/label><\/span><span class=\"wpcf7-list-item\"><label><input type=\"radio\" name=\"grup\" value=\"Giri\u015fimci\" \/><span class=\"wpcf7-list-item-label\">Giri\u015fimci<\/span><\/label><\/span><span class=\"wpcf7-list-item\"><label><input type=\"radio\" name=\"grup\" value=\"Tar\u0131m ve G\u0131dada Profesyonel \u00c7al\u0131\u015fan\" \/><span class=\"wpcf7-list-item-label\">Tar\u0131m ve G\u0131dada Profesyonel \u00c7al\u0131\u015fan<\/span><\/label><\/span><span class=\"wpcf7-list-item last\"><label><input type=\"radio\" name=\"grup\" value=\"Di\u011fer\" \/><span class=\"wpcf7-list-item-label\">Di\u011fer<\/span><\/label><\/span><\/span><\/span>\n<\/p>\n<div data-id=\"ogrenci-bilgisi\" data-orig_data_id=\"ogrenci-bilgisi\"  class=\"\" data-class=\"wpcf7cf_group\">\n\t<p><label style=\"line-height:30px\">L\u00fctfen \u00d6\u011frenci Belgenizi Y\u00fckleyin:<br \/>\n<span class=\"wpcf7-form-control-wrap\" data-name=\"ogrenci-belgesi\"><input size=\"40\" class=\"wpcf7-form-control wpcf7-file wpcf7-validates-as-required\" accept=\".pdf,.jpg,.png\" aria-required=\"true\" aria-invalid=\"false\" type=\"file\" name=\"ogrenci-belgesi\" \/><\/span><br \/>\n<span style=\"font-weight:500\">* Not: Y\u00fckledi\u011finiz dosyan\u0131z\u0131n format\u0131: PDF, JPG, PNG uzant\u0131l\u0131 ve en b\u00fcy\u00fck dosya boyutu 10MB olmal\u0131d\u0131r.<\/span><\/label>\n\t<\/p>\n<\/div>\n<p><label>Hangi g\u00fcnler kat\u0131l\u0131m sa\u011flamay\u0131 d\u00fc\u015f\u00fcn\u00fcyorsunuz?<br \/>\n<span class=\"wpcf7-form-control-wrap\" data-name=\"hangi-gun\"><span class=\"wpcf7-form-control wpcf7-checkbox\"><span class=\"wpcf7-list-item first\"><label><input type=\"checkbox\" name=\"hangi-gun[]\" value=\"20 \u015eubat Per\u015fembe\" \/><span class=\"wpcf7-list-item-label\">20 \u015eubat Per\u015fembe<\/span><\/label><\/span><span class=\"wpcf7-list-item last\"><label><input type=\"checkbox\" name=\"hangi-gun[]\" value=\"21 \u015eubat Cuma (\u00c7al\u0131\u015ftay G\u00fcn\u00fc)\" \/><span class=\"wpcf7-list-item-label\">21 \u015eubat Cuma (\u00c7al\u0131\u015ftay G\u00fcn\u00fc)<\/span><\/label><\/span><\/span><\/span><br \/>\n<\/label>\n<\/p>\n<p><label style=\"font-weight:500\">Zirvemiz boyunca, \u00fczerine tart\u0131\u015faca\u011f\u0131m\u0131z ve de\u011ferlendirece\u011fimiz \u201cTar\u0131ma Yat\u0131r\u0131m\u201d konusunda a\u015fa\u011f\u0131daki soruya yan\u0131t\u0131n\u0131z\u0131 rica ederiz. Yan\u0131t\u0131n\u0131z, tart\u0131\u015fmalara zemin olu\u015fturmaya katk\u0131 sa\u011flayacakt\u0131r.<\/label>\n<\/p>\n<p><label style=\"line-height:30px\">Tar\u0131ma yat\u0131r\u0131m yapar m\u0131s\u0131n\u0131z? Neden? (Yan\u0131tlanmas\u0131 Zorunlu De\u011fil)<br \/>\n<span class=\"wpcf7-form-control-wrap\" data-name=\"soruyacevap\"><textarea cols=\"40\" rows=\"2\" maxlength=\"2000\" class=\"wpcf7-form-control wpcf7-textarea wpcf7-validates-as-required form-control input-md\" aria-required=\"true\" aria-invalid=\"false\" placeholder=\"Cevab\u0131n\u0131z *\" name=\"soruyacevap\"><\/textarea><\/span><\/label>\n<\/p>\n<p><label style=\"line-height:30px\">Sizin iletmek istedi\u011finiz sorunuz<br \/>\n<span class=\"wpcf7-form-control-wrap\" data-name=\"soru\"><textarea cols=\"40\" rows=\"2\" maxlength=\"2000\" class=\"wpcf7-form-control wpcf7-textarea wpcf7-validates-as-required form-control input-md\" aria-required=\"true\" aria-invalid=\"false\" placeholder=\"Sorunuz *\" name=\"soru\"><\/textarea><\/span><br \/>\n<span style=\"font-weight:500\">* Zirve beklentinizi ve yan\u0131tlanmas\u0131n\u0131 istedi\u011finiz sorular\u0131 yazabilirsiniz.<\/span><br \/>\n<\/label>\n<\/p>\n<p><label style=\"padding-left:30px;\"><a href=\"\/kisisel-verilerin-korunmasi-hakkinda-aydinlatma-metni\/\" target=\"_blank\">Ki\u015fisel Verilerin Korunmas\u0131 Kanunu Ayd\u0131nlatma Metni i\u00e7in t\u0131klay\u0131n\u0131z.<\/a><\/label><label style=\"padding-left:30px;\"><a href=\"https:\/\/groups.google.com\/g\/tarimzirveleri\" target=\"_blank\">E-B\u00fclten Grubuna Kay\u0131t Olmak i\u00e7in t\u0131klay\u0131n\u0131z.<\/a><\/label>\n<\/p>\n<p><label><span class=\"wpcf7-form-control-wrap\" data-name=\"kvkk\"><span class=\"wpcf7-form-control wpcf7-checkbox wpcf7-validates-as-required\"><span class=\"wpcf7-list-item first last\"><label><input type=\"checkbox\" name=\"kvkk[]\" value=\"KVKK Ayd\u0131nlatma metni&#039;ni Okudum, Onayl\u0131yorum.\" \/><span class=\"wpcf7-list-item-label\">KVKK Ayd\u0131nlatma metni&#039;ni Okudum, Onayl\u0131yorum.<\/span><\/label><\/span><\/span><\/span><\/label>\n<\/p>\n<p><input class=\"wpcf7-form-control wpcf7-submit has-spinner submit-button\" type=\"submit\" value=\"G\u00d6NDER\" \/>\n<\/p><div class=\"wpcf7-response-output\" aria-hidden=\"true\"><\/div>\n<\/form>\n<\/div>\n[\/vc_column][\/vc_row]<\/p>\n<\/div>","protected":false},"excerpt":{"rendered":"<p>[vc_row][vc_column][vc_column_text]De\u011ferli kat\u0131l\u0131mc\u0131lar\u0131m\u0131z, 20-21 \u015eubat 2025\u00a0tarihlerinde \u0130zmir\u2019de \u0130zQ \u0130novasyon merkezinde d\u00fczenleyece\u011fimiz\u00a03. Tar\u0131m\u25cfYat\u0131r\u0131m\u25a0Etki\u25b2Zirvesi, kat\u0131l\u0131mc\u0131lara bilgi edinme, deneyim payla\u015fma, projelere ve yeniliklere, sekt\u00f6re uygulanan ve ara\u015ft\u0131rmaya al\u0131nan yeni teknolojilere<span class=\"excerpt-hellip\"> [\u2026]<\/span><\/p>\n","protected":false},"author":1,"featured_media":0,"parent":0,"menu_order":0,"comment_status":"closed","ping_status":"closed","template":"","meta":{"footnotes":""},"class_list":["post-987","page","type-page","status-publish","hentry"],"_links":{"self":[{"href":"https:\/\/www.tarimzirveleri.com\/2025\/wp-json\/wp\/v2\/pages\/987","targetHints":{"allow":["GET"]}}],"collection":[{"href":"https:\/\/www.tarimzirveleri.com\/2025\/wp-json\/wp\/v2\/pages"}],"about":[{"href":"https:\/\/www.tarimzirveleri.com\/2025\/wp-json\/wp\/v2\/types\/page"}],"author":[{"embeddable":true,"href":"https:\/\/www.tarimzirveleri.com\/2025\/wp-json\/wp\/v2\/users\/1"}],"replies":[{"embeddable":true,"href":"https:\/\/www.tarimzirveleri.com\/2025\/wp-json\/wp\/v2\/comments?post=987"}],"version-history":[{"count":12,"href":"https:\/\/www.tarimzirveleri.com\/2025\/wp-json\/wp\/v2\/pages\/987\/revisions"}],"predecessor-version":[{"id":1251,"href":"https:\/\/www.tarimzirveleri.com\/2025\/wp-json\/wp\/v2\/pages\/987\/revisions\/1251"}],"wp:attachment":[{"href":"https:\/\/www.tarimzirveleri.com\/2025\/wp-json\/wp\/v2\/media?parent=987"}],"curies":[{"name":"wp","href":"https:\/\/api.w.org\/{rel}","templated":true}]}}